{"id":587,"date":"2019-02-09T06:47:19","date_gmt":"2019-02-09T04:47:19","guid":{"rendered":"https:\/\/dorfgemeinschaftohof.wordpress.com\/?page_id=5"},"modified":"2024-08-20T16:13:18","modified_gmt":"2024-08-20T16:13:18","slug":"startseite","status":"publish","type":"page","link":"https:\/\/ohof.net\/","title":{"rendered":"Willkommen"},"content":{"rendered":"<p>Wir sind ein Verein, indem jeder Mitglied werden kann, der die Ziele des Vereins unterst\u00fctzen m\u00f6chte.<\/p>\n<p><strong>Alle Altersgruppen sind herzlich willkommen.<\/strong><\/p>\n<p>Hier findet ihr Information zum <a href=\"https:\/\/dorfgemeinschaftohof.wordpress.com\/ueber\/\">Verein<\/a>, zu dem Ort <a href=\"https:\/\/dorfgemeinschaftohof.wordpress.com\/ueber\/ohof\/\">Ohof<\/a>, sowie zu anstehenden Veranstaltungen der Dorfgemeinschaft.<\/p>\n<p>Wenn ihr R\u00e4umlichkeiten f\u00fcr eure Veranstaltung, Tagung, Feier oder \u00e4hnliches ben\u00f6tigt, k\u00f6nnt ihr euch gerne an uns wenden und unser <a href=\"https:\/\/dorfgemeinschaftohof.wordpress.com\/dorfgemeinschaftshaus\/\">Dorfgemeinschaftshaus<\/a> mieten.<\/p>\n<p>Die Website und <a href=\"https:\/\/dorfgemeinschaftohof.wordpress.com\/blog\/\">Beitr\u00e4ge<\/a> d\u00fcrfe gerne geteilt und kommentiert werden. Gerne k\u00f6nnt ihr uns auch bei <a href=\"http:\/\/www.facebook.com\/DorfgemeinschaftOhof\" target=\"_blank\" rel=\"noopener noreferrer\">Facebook<\/a> folgen oder direkt <a href=\"https:\/\/dorfgemeinschaftohof.wordpress.com\/kontakt\/\">kontaktieren<\/a>. Nur gemeinsam schaffen wir es die Dorfgemeinschaft zu st\u00e4rken und den Ort Ohof bekannter und attraktiver zu machen.<\/p>\n","protected":false},"excerpt":{"rendered":"<p>Wir sind ein Verein, indem jeder Mitglied werden kann, der die Ziele des Vereins unterst\u00fctzen m\u00f6chte. Alle Altersgruppen sind herzlich willkommen. Hier findet ihr Information zum Verein, zu dem Ort Ohof, sowie zu anstehenden Veranstaltungen der Dorfgemeinschaft. Wenn ihr R\u00e4umlichkeiten f\u00fcr eure Veranstaltung, Tagung, Feier oder \u00e4hnliches ben\u00f6tigt, k\u00f6nnt ihr euch gerne an uns wenden [&hellip;]<\/p>\n","protected":false},"author":1,"featured_media":0,"parent":0,"menu_order":1,"comment_status":"closed","ping_status":"closed","template":"template-nosidebar.php","meta":{"footnotes":""},"class_list":["post-587","page","type-page","status-publish","hentry","post-preview"],"_links":{"self":[{"href":"https:\/\/ohof.net\/index.php?rest_route=\/wp\/v2\/pages\/587","targetHints":{"allow":["GET"]}}],"collection":[{"href":"https:\/\/ohof.net\/index.php?rest_route=\/wp\/v2\/pages"}],"about":[{"href":"https:\/\/ohof.net\/index.php?rest_route=\/wp\/v2\/types\/page"}],"author":[{"embeddable":true,"href":"https:\/\/ohof.net\/index.php?rest_route=\/wp\/v2\/users\/1"}],"replies":[{"embeddable":true,"href":"https:\/\/ohof.net\/index.php?rest_route=%2Fwp%2Fv2%2Fcomments&post=587"}],"version-history":[{"count":2,"href":"https:\/\/ohof.net\/index.php?rest_route=\/wp\/v2\/pages\/587\/revisions"}],"predecessor-version":[{"id":1552,"href":"https:\/\/ohof.net\/index.php?rest_route=\/wp\/v2\/pages\/587\/revisions\/1552"}],"wp:attachment":[{"href":"https:\/\/ohof.net\/index.php?rest_route=%2Fwp%2Fv2%2Fmedia&parent=587"}],"curies":[{"name":"wp","href":"https:\/\/api.w.org\/{rel}","templated":true}]}}