{"id":584,"date":"2025-12-16T20:53:36","date_gmt":"2025-12-16T20:53:36","guid":{"rendered":"https:\/\/dorfgemeinschaftohof.wordpress.com\/?page_id=2"},"modified":"2025-12-16T20:53:37","modified_gmt":"2025-12-16T20:53:37","slug":"ueber","status":"publish","type":"page","link":"https:\/\/ohof.net\/?page_id=584","title":{"rendered":"\u00dcber uns"},"content":{"rendered":"\n<p>Der Verein wurde im Jahr 2003 gegr\u00fcndet und die erste Satzung erstellt. Im Januar 2004 erfolgte dann die Eintragung ins Vereinsregister beim Amtsgericht in Gifhorn. Vertreten wurde der Verein damals dur Christa Zeyda als Vorsitzende und G\u00fcnther Heuer als Stellvertretender Vorsitzender. Olaf Guth war Kassenwart,  Brunhilde Jahns Schriftf\u00fchrerin und Karl-Heinz Seidler nahm die Aufgabe des Schriftf\u00fchrers wahr.<\/p>\n","protected":false},"excerpt":{"rendered":"<p>Der Verein wurde im Jahr 2003 gegr\u00fcndet und die erste Satzung erstellt. Im Januar 2004 erfolgte dann die Eintragung ins Vereinsregister beim Amtsgericht in Gifhorn. Vertreten wurde der Verein damals dur Christa Zeyda als Vorsitzende und G\u00fcnther Heuer als Stellvertretender Vorsitzender. Olaf Guth war Kassenwart, Brunhilde Jahns Schriftf\u00fchrerin und Karl-Heinz Seidler nahm die Aufgabe des [&hellip;]<\/p>\n","protected":false},"author":1,"featured_media":0,"parent":0,"menu_order":1,"comment_status":"closed","ping_status":"closed","template":"template-nosidebar.php","meta":{"footnotes":""},"class_list":["post-584","page","type-page","status-publish","hentry","post-preview"],"_links":{"self":[{"href":"https:\/\/ohof.net\/index.php?rest_route=\/wp\/v2\/pages\/584","targetHints":{"allow":["GET"]}}],"collection":[{"href":"https:\/\/ohof.net\/index.php?rest_route=\/wp\/v2\/pages"}],"about":[{"href":"https:\/\/ohof.net\/index.php?rest_route=\/wp\/v2\/types\/page"}],"author":[{"embeddable":true,"href":"https:\/\/ohof.net\/index.php?rest_route=\/wp\/v2\/users\/1"}],"replies":[{"embeddable":true,"href":"https:\/\/ohof.net\/index.php?rest_route=%2Fwp%2Fv2%2Fcomments&post=584"}],"version-history":[{"count":2,"href":"https:\/\/ohof.net\/index.php?rest_route=\/wp\/v2\/pages\/584\/revisions"}],"predecessor-version":[{"id":1316,"href":"https:\/\/ohof.net\/index.php?rest_route=\/wp\/v2\/pages\/584\/revisions\/1316"}],"wp:attachment":[{"href":"https:\/\/ohof.net\/index.php?rest_route=%2Fwp%2Fv2%2Fmedia&parent=584"}],"curies":[{"name":"wp","href":"https:\/\/api.w.org\/{rel}","templated":true}]}}